{"id":2073,"date":"2025-06-05T13:16:43","date_gmt":"2025-06-05T13:16:43","guid":{"rendered":"https:\/\/adshero.com\/pl\/?page_id=2073"},"modified":"2025-06-05T13:16:44","modified_gmt":"2025-06-05T13:16:44","slug":"privacy-policy-pl","status":"publish","type":"page","link":"https:\/\/adshero.com\/pl\/privacy-policy-pl\/","title":{"rendered":"Privacy policy PL"},"content":{"rendered":"\n<p><strong>Polityka prywatno\u015bci Platformy Adshero <\/strong><strong><br><\/strong><strong>(\u201ePlatforma\u201d)<\/strong><\/p>\n\n\n\n<p><strong>Drogi U\u017cytkowniku!<\/strong><\/p>\n\n\n\n<p>Dbamy o Twoj\u0105 prywatno\u015b\u0107 i chcemy, aby\u015b w czasie korzystania z naszych us\u0142ug czu\u0142 si\u0119 komfortowo. Dlatego te\u017c poni\u017cej prezentujemy Ci najwa\u017cniejsze informacje o zasadach przetwarzania przez nas Twoich danych osobowych oraz plikach cookies, kt\u00f3re s\u0105 wykorzystywane przez nasz\u0105 Platform\u0119. Informacje te zosta\u0142y przygotowane z uwzgl\u0119dnieniem RODO, czyli og\u00f3lnego rozporz\u0105dzenia o ochronie danych.<\/p>\n\n\n\n<p><strong>ADMINISTRATOR DANYCH OSOBOWYCH<\/strong><\/p>\n\n\n\n<p>OH SOFTWARE SP\u00d3\u0141KA Z OGRANICZON\u0104 ODPOWIEDZIALNO\u015aCI\u0104 z siedzib\u0105 pod adresem ul. Bruszewska 28, 03-046 Warszawa, wpisana do Krajowego Rejestru S\u0105dowego &#8211; rejestru przedsi\u0119biorc\u00f3w przez S\u0104D REJONOWY DLA M.ST. WARSZAWY W WARSZAWIE, XIV WYDZIA\u0141 GOSPODARCZY KRAJOWEGO REJESTRU S\u0104DOWEGO, pod nr KRS 0000906045, NIP 5242920712, nr REGON 38921483400000, kapita\u0142 zak\u0142adowy 5400,00 z\u0142.<br><\/p>\n\n\n\n<p>Je\u015bli chcesz skontaktowa\u0107 si\u0119 z nami w zwi\u0105zku z przetwarzaniem przez nas Twoich danych osobowych, napisz do nas na adres e-mail: <a href=\"mailto:hello@adshero.io\">hello@adshero.io<\/a>.<\/p>\n\n\n\n<p>Pami\u0119taj, \u017ce je\u015bli korzystaj\u0105c z naszych us\u0142ug przekazujesz nam dane osobowe swoich klient\u00f3w, u\u017cytkownik\u00f3w lub pracownik\u00f3w, administratorem w odniesieniu do tych danych jeste\u015b Ty \u2013 my przetwarzamy te dane jedynie w Twoim imieniu jako podmiot przetwarzaj\u0105cy i wy\u0142\u0105cznie na Twoje udokumentowane polecenie (w tym w oparciu o w\u0142a\u015bciw\u0105 umow\u0119 powierzenia przetwarzania danych), a bez takiego polecania tylko w przypadku, gdyby zobowi\u0105zywa\u0142o nas do tego prawo.<br><\/p>\n\n\n\n<p><strong>TWOJE UPRAWNIENIA<\/strong><\/p>\n\n\n\n<p>Przys\u0142uguje Ci prawo \u017c\u0105dania:<\/p>\n\n\n\n<ul class=\"wp-block-list\">\n<li>dost\u0119pu do Twoich danych osobowych, w tym uzyskania kopii Twoich danych (art. 15 RODO lub &#8211; je\u015bli ma to zastosowanie &#8211; art. 13 ust. 1 lit. f RODO),\u00a0<\/li>\n\n\n\n<li>ich sprostowania (art. 16 RODO),\u00a0<\/li>\n\n\n\n<li>usuni\u0119cia (art. 17 RODO),\u00a0<\/li>\n\n\n\n<li>ograniczenia przetwarzania (art. 18 RODO),\u00a0<\/li>\n\n\n\n<li>przeniesienia danych do innego administratora (art. 20 RODO).<\/li>\n<\/ul>\n\n\n\n<p>A tak\u017ce prawo:<\/p>\n\n\n\n<ul class=\"wp-block-list\">\n<li>wniesienia w dowolnym momencie sprzeciwu wobec przetwarzania Twoich danych:\n<ul class=\"wp-block-list\">\n<li>z przyczyn zwi\u0105zanych z Twoj\u0105 szczeg\u00f3ln\u0105 sytuacj\u0105 \u2013 wobec przetwarzania dotycz\u0105cych Ciebie danych osobowych, opartego na art. 6 ust. 1 lit. f RODO (tj. na realizowanych przez nas prawnie uzasadnionych interesach), w tym profilowania (art. 21 ust. 1 RODO);\u00a0\u00a0<\/li>\n\n\n\n<li>je\u017celi dane osobowe s\u0105 przetwarzane na potrzeby marketingu bezpo\u015bredniego, w tym profilowania, w zakresie, w jakim przetwarzanie jest zwi\u0105zane z takim marketingiem bezpo\u015brednim (art. 21 ust. 2 RODO).<\/li>\n<\/ul>\n<\/li>\n<\/ul>\n\n\n\n<p>Skontaktuj si\u0119 z nami, je\u015bli chcesz skorzysta\u0107 ze swoich praw. Sprzeciw w odniesieniu do wykorzystywania przez nas plik\u00f3w cookies (o kt\u00f3rych przeczytasz poni\u017cej) mo\u017cesz wyrazi\u0107 zw\u0142aszcza za pomoc\u0105 wid\u017cetu widocznego w lewym dolnym rogu witryny Platformy lub odpowiednich ustawie\u0144 przegl\u0105darki.<\/p>\n\n\n\n<p>Je\u015bli uznasz, \u017ce Twoje dane s\u0105 przetwarzane niezgodnie z prawem, mo\u017cesz z\u0142o\u017cy\u0107 skarg\u0119 do Prezesa Urz\u0119du Ochrony Danych Osobowych.<\/p>\n\n\n\n<p><strong>DANE OSOBOWE I PRYWATNO\u015a\u0106<\/strong><\/p>\n\n\n\n<p>Poni\u017cej znajdziesz szczeg\u00f3\u0142owe informacje na temat przetwarzania Twoich danych w zale\u017cno\u015bci od podejmowanych przez Ciebie dzia\u0142a\u0144.<\/p>\n\n\n\n<p><strong>1. Skorzystanie z us\u0142ug oferowanych w Platformie<\/strong><\/p>\n\n\n\n<figure class=\"wp-block-table\"><table class=\"has-fixed-layout\"><tbody><tr><td colspan=\"2\"><strong>W jakim celu?<\/strong><\/td><\/tr><tr><td colspan=\"2\">realizacja umowy o \u015bwiadczenie us\u0142ug oferowanych w Platformie, w tym umowy o \u015bwiadczenie us\u0142ugi prowadzenia konta<\/td><\/tr><tr><td colspan=\"2\"><strong>Na jakiej podstawie?<\/strong><\/td><\/tr><tr><td>umowa o \u015bwiadczenie us\u0142ug (art. 6 ust. 1 lit. b RODO)<\/td><td>obowi\u0105zek prawny zobowi\u0105zuj\u0105cy nas do przetwarzania Twoich danych osobowych (art. 6 ust. 1 lit. c RODO) \u2013 w przypadku us\u0142ug, kt\u00f3re wi\u0105\u017c\u0105 si\u0119 z zap\u0142at\u0105<\/td><\/tr><tr><td colspan=\"2\"><strong>Jak d\u0142ugo?<\/strong><\/td><\/tr><tr><td>przez okres obowi\u0105zywania umowy<\/td><td>do momentu wyga\u015bni\u0119cia obowi\u0105zku prawnego, zwi\u0105zanego z rachunkowo\u015bci\u0105<\/td><\/tr><tr><td colspan=\"2\">ponadto, Twoje dane b\u0119d\u0105 przetwarzane do up\u0142ywu okresu, w kt\u00f3rym mo\u017cliwe jest dochodzenie roszcze\u0144 \u2013 przez Ciebie lub przez nas(wi\u0119cej informacji na ten temat znajdziesz w ostatniej tabeli tej sekcji)<\/td><\/tr><tr><td colspan=\"2\"><strong>Co si\u0119 stanie, je\u015bli nie podasz danych?<\/strong><\/td><\/tr><tr><td colspan=\"2\">nie b\u0119dziesz mie\u0107 mo\u017cliwo\u015bci skorzystania z naszych us\u0142ug<\/td><\/tr><\/tbody><\/table><\/figure>\n\n\n\n<p><strong>2. Nawi\u0105zanie z nami kontaktu (np. w celu zadania pytania)<\/strong><\/p>\n\n\n\n<figure class=\"wp-block-table\"><table class=\"has-fixed-layout\"><tbody><tr><td colspan=\"2\"><strong>W jakim celu?<\/strong><\/td><\/tr><tr><td colspan=\"2\">obs\u0142uga Twoich zapyta\u0144 lub zg\u0142osze\u0144<\/td><\/tr><tr><td colspan=\"2\"><strong>Na jakiej podstawie?<\/strong><\/td><\/tr><tr><td>umowa lub dzia\u0142ania podejmowane na Twoje \u017c\u0105danie,zmierzaj\u0105ce do jej zawarcia (art. 6 ust. 1 lit. b RODO) \u2013 w przypadku gdy Twoje zapytanie lub zg\u0142oszenie dotyczy umowy, kt\u00f3rej jeste\u015bmy lub mo\u017cemy by\u0107 stron\u0105<\/td><td>nasz prawnie uzasadniony interes, polegaj\u0105cy naprzetwarzaniu Twoich danych w celu prowadzenia z Tob\u0105 komunikacji (art. 6 ust. 1 lit. f RODO) \u2013 je\u017celi Twoje zapytanie lub zg\u0142oszenie nie ma zwi\u0105zku z umow\u0105<\/td><\/tr><tr><td colspan=\"2\"><strong>Jak d\u0142ugo?<\/strong><\/td><\/tr><tr><td>przez czas trwania wi\u0105\u017c\u0105cej nas umowy lub \u2013 je\u015bli umowa nie zostanie zawarta &#8211; do up\u0142ywu okresu dochodzenia roszcze\u0144 \u2013 zobacz ostatni\u0105 tabel\u0119 tej sekcji*<\/td><td>do up\u0142ywu okresu dochodzenia roszcze\u0144 \u2013 zobaczostatni\u0105 tabel\u0119 tej sekcji &#8211; lub do momentu, w kt\u00f3rym uwzgl\u0119dnimy Tw\u00f3j sprzeciw wobec przetwarzania*<\/td><\/tr><tr><td colspan=\"2\">ponadto, Twoje dane b\u0119d\u0105 przetwarzane do up\u0142ywu okresu, w kt\u00f3rym mo\u017cliwe jest dochodzenie roszcze\u0144 \u2013 przez Ciebie lub przez nas(wi\u0119cej informacji na ten temat znajdziesz w ostatniej tabeli tej sekcji)<\/td><\/tr><tr><td colspan=\"2\"><strong>Co si\u0119 stanie, je\u015bli nie podasz danych?<\/strong><\/td><\/tr><\/tbody><\/table><\/figure>\n\n\n\n<p>nie b\u0119dziemy mieli mo\u017cliwo\u015bci udzielenia odpowiedzi na Twoje zapytanie lub zg\u0142oszenie<\/p>\n\n\n\n<p>* w zale\u017cno\u015bci od tego, kt\u00f3re ma zastosowanie w danym przypadku<\/p>\n\n\n\n<p><strong>3. Ustawienia przegl\u0105darki lub inne zbli\u017cone dzia\u0142anie zezwalaj\u0105ce na prowadzenie dzia\u0142a\u0144 marketingowych<\/strong><\/p>\n\n\n\n<figure class=\"wp-block-table\"><table class=\"has-fixed-layout\"><tbody><tr><td><strong>W jakim celu?<\/strong><\/td><\/tr><tr><td>marketing bezpo\u015bredni, polegaj\u0105cy na wy\u015bwietlaniu spersonalizowanych reklam(wi\u0119cej na ten temat przeczytasz w sekcji \u201eProfilowanie\u201d i \u201ePliki cookies i inne zbli\u017cone technologie\u201d Polityki prywatno\u015bci)<\/td><\/tr><tr><td><strong>Na jakiej podstawie?<\/strong><\/td><\/tr><tr><td>nasz prawnie uzasadniony interes, polegaj\u0105cy na przetwarzaniu danych w podanym wy\u017cej celu (art. 6 ust. 1 lit. f RODO)<\/td><\/tr><tr><td><strong>Jak d\u0142ugo?<\/strong><\/td><\/tr><tr><td>do momentu wyga\u015bni\u0119cia wa\u017cno\u015bci lub usuni\u0119cia przez Ciebie plik\u00f3w cookies, wykorzystywanych do cel\u00f3w marketingowych*<\/td><\/tr><tr><td><strong>Co si\u0119 stanie, je\u015bli nie podasz danych?<\/strong><\/td><\/tr><tr><td>nie b\u0119dziesz otrzymywa\u0107 sugestii produkt\u00f3w lub us\u0142ug, kt\u00f3rymi mo\u017cesz by\u0107 zainteresowany<\/td><\/tr><\/tbody><\/table><\/figure>\n\n\n\n<p>* w zale\u017cno\u015bci od tego, kt\u00f3re ma zastosowanie w danym przypadku<\/p>\n\n\n\n<p><strong>4. Ustawienia przegl\u0105darki lub inne zbli\u017cone dzia\u0142anie zezwalaj\u0105ce na prowadzenie dzia\u0142a\u0144 analitycznych<\/strong><\/p>\n\n\n\n<figure class=\"wp-block-table\"><table class=\"has-fixed-layout\"><tbody><tr><td><strong>W jakim celu?<\/strong><\/td><\/tr><tr><td>analiza sposobu korzystania i poruszania si\u0119 przez Ciebie po stronie internetowej Platformy, celem polepszenia jej funkcjonalno\u015bci(wi\u0119cej na ten temat przeczytasz w sekcji \u201eDzia\u0142ania analityczne\u201d i \u201ePliki cookies i inne zbli\u017cone technologie\u201d Polityki prywatno\u015bci)<\/td><\/tr><tr><td><strong>Na jakiej podstawie?<\/strong><\/td><\/tr><tr><td>nasz prawnie uzasadniony interes, polegaj\u0105cy na przetwarzaniu danych w podanym wy\u017cej celu (art. 6 ust. 1 lit. f RODO)<\/td><\/tr><tr><td><strong>Jak d\u0142ugo?<\/strong><\/td><\/tr><tr><td>do momentu wyga\u015bni\u0119cia wa\u017cno\u015bci lub usuni\u0119cia przez Ciebie plik\u00f3w cookies, wykorzystywanych do cel\u00f3w analitycznych*<\/td><\/tr><tr><td><strong>Co si\u0119 stanie, je\u015bli nie podasz danych?<\/strong><\/td><\/tr><tr><td>nie uwzgl\u0119dnimy sposobu korzystania i poruszania si\u0119 przez Ciebie po stronie internetowej Platformy w pracach nad jej rozwojem<\/td><\/tr><\/tbody><\/table><\/figure>\n\n\n\n<p>* w zale\u017cno\u015bci od tego, kt\u00f3re ma zastosowanie w danym przypadku<\/p>\n\n\n\n<p><strong>5. Podj\u0119cie dzia\u0142ania lub zaniechanie mog\u0105ce powodowa\u0107 powstanie roszcze\u0144 zwi\u0105zanych z Platform\u0105 lub naszymi us\u0142ugami<\/strong><\/p>\n\n\n\n<figure class=\"wp-block-table\"><table class=\"has-fixed-layout\"><tbody><tr><td><strong>W jakim celu?<\/strong><\/td><\/tr><tr><td>ustalenie, dochodzenie lub obrona ewentualnych roszcze\u0144, zwi\u0105zanych z zawart\u0105 umow\u0105 lub \u015bwiadczonymi us\u0142ugami<\/td><\/tr><tr><td><strong>Na jakiej podstawie?<\/strong><\/td><\/tr><tr><td>nasz prawnie uzasadniony interes, polegaj\u0105cy na przetwarzaniu danych osobowych we wskazanym powy\u017cej celu (art. 6 ust. 1 lit. f RODO)<\/td><\/tr><tr><td><strong>Jak d\u0142ugo?<\/strong><\/td><\/tr><tr><td>do up\u0142ywu okresu przedawnienia roszcze\u0144 lub do momentu, w kt\u00f3rym uwzgl\u0119dnimy Tw\u00f3j sprzeciw wobec przetwarzania*<\/td><\/tr><tr><td><strong>Co si\u0119 stanie, je\u015bli nie podasz danych?<\/strong><\/td><\/tr><tr><td>brak mo\u017cliwo\u015bci ustalenia, dochodzenia lub obrony roszcze\u0144<\/td><\/tr><\/tbody><\/table><\/figure>\n\n\n\n<p>* w zale\u017cno\u015bci od tego, kt\u00f3re ma zastosowanie w danym przypadku<\/p>\n\n\n\n<p><strong>PROFILOWANIE<\/strong><\/p>\n\n\n\n<p>W ramach Platformy dokonujemy profilowania \u2013 w odniesieniu do Ciebie b\u0119dzie to mia\u0142o miejsce, je\u015bli zezwolisz na takie dzia\u0142ania. Profilowanie to polega na automatycznej ocenie, jakimi produktami lub us\u0142ugami mo\u017cesz by\u0107 zainteresowany, wykorzystuj\u0105c do tego informacje o wy\u015bwietlanych przez Ciebie tre\u015bciach. Dzi\u0119ki temu, reklamy produkt\u00f3w lub us\u0142ug wy\u015bwietlane w ramach us\u0142ug internetowych, z kt\u00f3rych korzystasz, b\u0119d\u0105 bardziej dostosowane do Ciebie i Twoich potrzeb.<\/p>\n\n\n\n<p>Profilowanie, kt\u00f3rego dokonujemy, nie skutkuje podejmowaniem decyzji wywo\u0142uj\u0105cych wobec Ciebie skutki prawne lub wp\u0142ywaj\u0105cych na Ciebie w podobnie istotny spos\u00f3b.<\/p>\n\n\n\n<p><strong>DZIA\u0141ANIA ANALITYCZNE<\/strong><\/p>\n\n\n\n<p>W ramach strony internetowej Platformy prowadzimy dzia\u0142ania analityczne, maj\u0105ce na celu zwi\u0119kszenie &nbsp; jego intuicyjno\u015bci i przyst\u0119pno\u015bci \u2013 w odniesieniu do Ciebie b\u0119dzie to mia\u0142o miejsce, je\u015bli zezwolisz na takie dzia\u0142ania. W ramach analizy b\u0119dziemy bra\u0107 pod uwag\u0119 spos\u00f3b, w jaki poruszasz si\u0119 po Platformie \u2013 a wi\u0119c np. to, ile czasu sp\u0119dzasz na danej podstronie, czy w kt\u00f3re miejsca w Platformie klikasz. Dzi\u0119ki temu podczas prac nad rozwojem Platformy b\u0119dziemy mogli zoptymalizowa\u0107 jego uk\u0142ad, wygl\u0105d oraz zamieszczane w nim tre\u015bci, tak aby polepszy\u0107 jego funkcjonalno\u015b\u0107.<\/p>\n\n\n\n<p><strong>BEZPIECZE\u0143STWO DANYCH<\/strong><\/p>\n\n\n\n<p>Przetwarzaj\u0105c Twoje dane osobowe stosujemy \u015brodki organizacyjne i techniczne zgodne z w\u0142a\u015bciwymi przepisami prawa, w tym stosujemy szyfrowanie po\u0142\u0105czenia za pomoc\u0105 certyfikatu SSL\/TLS.<\/p>\n\n\n\n<p><strong>PLIKI COOKIES I INNE ZBLI\u017bONE TECHNOLOGIE<\/strong><\/p>\n\n\n\n<p>Nasza Platforma, jak wi\u0119kszo\u015b\u0107 witryn internetowych, korzysta z tzw. plik\u00f3w cookies (ciasteczek) i innych zbli\u017conych technologii, takich jak local storage czy session storage. Pliki te:<\/p>\n\n\n\n<ul class=\"wp-block-list\">\n<li>s\u0105 zapisywane w pami\u0119ci Twojego urz\u0105dzenia (komputera, telefonu, itd.);<\/li>\n\n\n\n<li>nie powoduj\u0105 zmian w ustawieniach Twojego urz\u0105dzenia.<\/li>\n<\/ul>\n\n\n\n<p>W tym Sklepie ciasteczka i inne zbli\u017cone technologie wykorzystywane s\u0105 w celach:<\/p>\n\n\n\n<ul class=\"wp-block-list\">\n<li>zapami\u0119tywania Twojej sesji\u00a0<\/li>\n\n\n\n<li>statystycznych\u00a0<\/li>\n\n\n\n<li>marketingowych\u00a0<\/li>\n\n\n\n<li>udost\u0119pniania funkcji Sklepu<\/li>\n<\/ul>\n\n\n\n<p>Aby dowiedzie\u0107 si\u0119, jak zarz\u0105dza\u0107 plikami cookies, w tym jak wy\u0142\u0105czy\u0107 ich obs\u0142ug\u0119 w Twojej przegl\u0105darce, mo\u017cesz skorzysta\u0107 z pliku pomocy Twojej przegl\u0105darki. Z informacjami na ten temat mo\u017cesz zapozna\u0107 si\u0119 wciskaj\u0105c klawisz F1 w przegl\u0105darce. Ponadto odpowiednie wskaz\u00f3wki znajdziesz na nast\u0119puj\u0105cych podstronach, w zale\u017cno\u015bci od przegl\u0105darki, kt\u00f3rej u\u017cywasz:<\/p>\n\n\n\n<ul class=\"wp-block-list\">\n<li><a href=\"https:\/\/support.google.com\/chrome\/answer\/95647?hl=pl\">Google Chrome<\/a><\/li>\n\n\n\n<li><a href=\"https:\/\/help.opera.com\/pl\/latest\/web-preferences\/#cookies\">Opera<\/a><\/li>\n\n\n\n<li><a href=\"https:\/\/support.apple.com\/pl-pl\/guide\/safari\/sfri11471\/mac\">Safari<\/a><\/li>\n\n\n\n<li><a href=\"https:\/\/support.mozilla.org\/pl\/kb\/elementy-sledzace-zewnetrznych-witryn\">Mozilla Firefox<\/a><\/li>\n\n\n\n<li><a href=\"https:\/\/support.microsoft.com\/pl-pl\/help\/4468242\/microsoft-edge-browsing-data-and-privacy\">Microsoft Edge<\/a><\/li>\n<\/ul>\n\n\n\n<p>Aby ustawi\u0107 swoje preferencje w zakresie wykorzystywania plik\u00f3w cookies przez Platform\u0119 lub uzyska\u0107 szczeg\u00f3\u0142owe informacje na temat wykorzystywanych przez Platform\u0119 plik\u00f3w cookies, w tym ich<\/p>\n\n\n\n<p>funkcji i okresu wa\u017cno\u015bci, skorzystaj z wid\u017cetu widocznego w lewym dolnym rogu witryny.<\/p>\n\n\n\n<p>Korzystaj\u0105c z odpowiednich opcji Twojej przegl\u0105darki, w ka\u017cdej chwili mo\u017cesz:<\/p>\n\n\n\n<ul class=\"wp-block-list\">\n<li>usun\u0105\u0107 pliki cookies,\u00a0<\/li>\n\n\n\n<li>blokowa\u0107 wykorzystanie plik\u00f3w cookies w przysz\u0142o\u015bci.<\/li>\n<\/ul>\n\n\n\n<p>W takich przypadkach nie b\u0119dziemy ich ju\u017c d\u0142u\u017cej przetwarza\u0107.<\/p>\n\n\n\n<p><strong>US\u0141UGI ZEWN\u0118TRZNE \/ ODBIORCY DANYCH<\/strong><\/p>\n\n\n\n<p>Korzystamy z us\u0142ug podmiot\u00f3w zewn\u0119trznych, kt\u00f3re wspieraj\u0105 nas w prowadzeniu dzia\u0142alno\u015bci. Powierzamy im do przetwarzania Twoje dane \u2013 podmioty te przetwarzaj\u0105 dane wy\u0142\u0105cznie na nasze udokumentowane polecenie.<\/p>\n\n\n\n<p>Poni\u017cej znajdziesz list\u0119 odbiorc\u00f3w Twoich danych:<\/p>\n\n\n\n<figure class=\"wp-block-table\"><table class=\"has-fixed-layout\"><tbody><tr><td><strong>DZIA\u0141ANIE<\/strong><\/td><td><strong>ODBIORCY DANYCH<\/strong><\/td><td><strong>PRZEKAZANIE DANYCH POZA UNI\u0118 EUROPEJSK\u0104<\/strong><\/td><\/tr><tr><td rowspan=\"2\"><strong>ka\u017cde dzia\u0142anie w zwi\u0105zku z<\/strong><strong>Platform\u0105<\/strong><\/td><td>hostingodawca<\/td><td>nie ma miejsca<\/td><\/tr><tr><td>osoby wsp\u00f3\u0142pracuj\u0105ce z nami na podstawie um\u00f3w cywilnoprawnych, wspieraj\u0105ce nasz\u0105 bie\u017c\u0105c\u0105 dzia\u0142alno\u015b\u0107<\/td><td>nie ma miejsca<\/td><\/tr><tr><td><strong>przebywanie na stronie Platformy z<\/strong><strong>ustawieniami zezwalaj\u0105cymi na prowadzenie dzia\u0142a\u0144<\/strong><strong>marketingowych<\/strong><\/td><td>podmiot zapewniaj\u0105cy us\u0142ugi marketingowe<\/td><td>tak \u2013 Stany ZjednoczoneAmeryki **<\/td><\/tr><tr><td><strong>przebywanie na stronie Platformy z<\/strong><strong>ustawieniami zezwalaj\u0105cymi na prowadzenie dzia\u0142a\u0144 analitycznych<\/strong><\/td><td>podmiot umo\u017cliwiaj\u0105cy dzia\u0142ania analityczne na stronie<\/td><td>tak \u2013 Stany ZjednoczoneAmeryki **<\/td><\/tr><tr><td rowspan=\"3\"><strong>skorzystanie z us\u0142ug dost\u0119pnych w Platformie<\/strong><\/td><td>biuro rachunkowe<\/td><td>nie ma miejsca<\/td><\/tr><tr><td>dostawca oprogramowania u\u0142atwiaj\u0105cego prowadzenie dzia\u0142alno\u015bci (np. oprogramowanie ksi\u0119gowe)<\/td><td>nie ma miejsca<\/td><\/tr><tr><td>dostawca standardowego programowania biurowego (w tym skrzynki pocztyelektronicznej)<\/td><td>tak \u2013 Stany ZjednoczoneAmeryki **<\/td><\/tr><tr><td><strong>nawi\u0105zanie z nami kontaktu (np. zadanie pytania)<\/strong><\/td><td>dostawca standardowego oprogramowania biurowego (w tym skrzynki pocztyelektronicznej)<\/td><td>tak \u2013 Stany ZjednoczoneAmeryki **<\/td><\/tr><\/tbody><\/table><\/figure>\n\n\n\n<p><strong>A ponadto<\/strong>: odpowiednie organy publiczne w zakresie, w jakim jeste\u015bmy zobowi\u0105zani do udost\u0119pnienia im danych.<\/p>\n\n\n\n<p><strong>PRZEKAZYWANIE DANYCH OSOBOWYCH DO PA\u0143STW SPOZA UNII EUROPEJSKIEJ<\/strong><\/p>\n\n\n\n<p>** W zwi\u0105zku z powy\u017cszym, Twoje dane osobowe mog\u0105 by\u0107 przetwarzane r\u00f3wnie\u017c przez podmioty spoza Unii Europejskiej \u2013 ze Stan\u00f3w Zjednoczonych Ameryki. W\u0142a\u015bciwy poziom ochrony Twoich danych, w tym poprzez stosowanie odpowiednich zabezpiecze\u0144, zapewnia uczestnictwo tych podmiot\u00f3w w tzw. Data Privacy Framework, a wi\u0119c programie ustanowionym decyzj\u0105 wykonawcz\u0105 Komisji Europejskiej jako zbi\u00f3r zasad gwarantuj\u0105cych odpowiedni\u0105 ochron\u0119 Twojej prywatno\u015bci.<\/p>\n","protected":false},"excerpt":{"rendered":"<p>Polityka prywatno\u015bci Platformy Adshero (\u201ePlatforma\u201d) Drogi U\u017cytkowniku! Dbamy o Twoj\u0105 prywatno\u015b\u0107 i chcemy, aby\u015b w czasie korzystania z naszych us\u0142ug czu\u0142 si\u0119 [&hellip;]<\/p>\n","protected":false},"author":1,"featured_media":0,"parent":0,"menu_order":0,"comment_status":"closed","ping_status":"open","template":"","meta":{"footnotes":""},"class_list":["post-2073","page","type-page","status-publish","hentry"],"yoast_head":"<!-- This site is optimized with the Yoast SEO plugin v21.9 - https:\/\/yoast.com\/wordpress\/plugins\/seo\/ -->\n<title>Privacy policy PL - adshero.com<\/title>\n<meta name=\"robots\" content=\"index, follow, max-snippet:-1, max-image-preview:large, max-video-preview:-1\" \/>\n<link rel=\"canonical\" href=\"https:\/\/adshero.com\/pl\/privacy-policy-pl\/\" \/>\n<meta property=\"og:locale\" content=\"pl_PL\" \/>\n<meta property=\"og:type\" content=\"article\" \/>\n<meta property=\"og:title\" content=\"Privacy policy PL - adshero.com\" \/>\n<meta property=\"og:description\" content=\"Polityka prywatno\u015bci Platformy Adshero (\u201ePlatforma\u201d) Drogi U\u017cytkowniku! Dbamy o Twoj\u0105 prywatno\u015b\u0107 i chcemy, aby\u015b w czasie korzystania z naszych us\u0142ug czu\u0142 si\u0119 [&hellip;]\" \/>\n<meta property=\"og:url\" content=\"https:\/\/adshero.com\/pl\/privacy-policy-pl\/\" \/>\n<meta property=\"og:site_name\" content=\"adshero.com\" \/>\n<meta property=\"article:modified_time\" content=\"2025-06-05T13:16:44+00:00\" \/>\n<meta name=\"twitter:card\" content=\"summary_large_image\" \/>\n<meta name=\"twitter:label1\" content=\"Szacowany czas czytania\" \/>\n\t<meta name=\"twitter:data1\" content=\"11 minut\" \/>\n<script type=\"application\/ld+json\" class=\"yoast-schema-graph\">{\"@context\":\"https:\/\/schema.org\",\"@graph\":[{\"@type\":\"WebPage\",\"@id\":\"https:\/\/adshero.com\/pl\/privacy-policy-pl\/\",\"url\":\"https:\/\/adshero.com\/pl\/privacy-policy-pl\/\",\"name\":\"Privacy policy PL - adshero.com\",\"isPartOf\":{\"@id\":\"https:\/\/adshero.com\/pl\/#website\"},\"datePublished\":\"2025-06-05T13:16:43+00:00\",\"dateModified\":\"2025-06-05T13:16:44+00:00\",\"breadcrumb\":{\"@id\":\"https:\/\/adshero.com\/pl\/privacy-policy-pl\/#breadcrumb\"},\"inLanguage\":\"pl-PL\",\"potentialAction\":[{\"@type\":\"ReadAction\",\"target\":[\"https:\/\/adshero.com\/pl\/privacy-policy-pl\/\"]}]},{\"@type\":\"BreadcrumbList\",\"@id\":\"https:\/\/adshero.com\/pl\/privacy-policy-pl\/#breadcrumb\",\"itemListElement\":[{\"@type\":\"ListItem\",\"position\":1,\"name\":\"Strona g\u0142\u00f3wna\",\"item\":\"https:\/\/adshero.com\/pl\/\"},{\"@type\":\"ListItem\",\"position\":2,\"name\":\"Privacy policy PL\"}]},{\"@type\":\"WebSite\",\"@id\":\"https:\/\/adshero.com\/pl\/#website\",\"url\":\"https:\/\/adshero.com\/pl\/\",\"name\":\"adshero.com\",\"description\":\"Adshero - retail media network\",\"publisher\":{\"@id\":\"https:\/\/adshero.com\/pl\/#organization\"},\"potentialAction\":[{\"@type\":\"SearchAction\",\"target\":{\"@type\":\"EntryPoint\",\"urlTemplate\":\"https:\/\/adshero.com\/pl\/?s={search_term_string}\"},\"query-input\":\"required name=search_term_string\"}],\"inLanguage\":\"pl-PL\"},{\"@type\":\"Organization\",\"@id\":\"https:\/\/adshero.com\/pl\/#organization\",\"name\":\"adshero.com\",\"url\":\"https:\/\/adshero.com\/pl\/\",\"logo\":{\"@type\":\"ImageObject\",\"inLanguage\":\"pl-PL\",\"@id\":\"https:\/\/adshero.com\/pl\/#\/schema\/logo\/image\/\",\"url\":\"https:\/\/adshero.com\/pl\/wp-content\/uploads\/2022\/10\/adshero_logo-1.png\",\"contentUrl\":\"https:\/\/adshero.com\/pl\/wp-content\/uploads\/2022\/10\/adshero_logo-1.png\",\"width\":360,\"height\":90,\"caption\":\"adshero.com\"},\"image\":{\"@id\":\"https:\/\/adshero.com\/pl\/#\/schema\/logo\/image\/\"},\"sameAs\":[\"https:\/\/www.linkedin.com\/company\/adsheroio\/\"]}]}<\/script>\n<!-- \/ Yoast SEO plugin. -->","yoast_head_json":{"title":"Privacy policy PL - adshero.com","robots":{"index":"index","follow":"follow","max-snippet":"max-snippet:-1","max-image-preview":"max-image-preview:large","max-video-preview":"max-video-preview:-1"},"canonical":"https:\/\/adshero.com\/pl\/privacy-policy-pl\/","og_locale":"pl_PL","og_type":"article","og_title":"Privacy policy PL - adshero.com","og_description":"Polityka prywatno\u015bci Platformy Adshero (\u201ePlatforma\u201d) Drogi U\u017cytkowniku! Dbamy o Twoj\u0105 prywatno\u015b\u0107 i chcemy, aby\u015b w czasie korzystania z naszych us\u0142ug czu\u0142 si\u0119 [&hellip;]","og_url":"https:\/\/adshero.com\/pl\/privacy-policy-pl\/","og_site_name":"adshero.com","article_modified_time":"2025-06-05T13:16:44+00:00","twitter_card":"summary_large_image","twitter_misc":{"Szacowany czas czytania":"11 minut"},"schema":{"@context":"https:\/\/schema.org","@graph":[{"@type":"WebPage","@id":"https:\/\/adshero.com\/pl\/privacy-policy-pl\/","url":"https:\/\/adshero.com\/pl\/privacy-policy-pl\/","name":"Privacy policy PL - adshero.com","isPartOf":{"@id":"https:\/\/adshero.com\/pl\/#website"},"datePublished":"2025-06-05T13:16:43+00:00","dateModified":"2025-06-05T13:16:44+00:00","breadcrumb":{"@id":"https:\/\/adshero.com\/pl\/privacy-policy-pl\/#breadcrumb"},"inLanguage":"pl-PL","potentialAction":[{"@type":"ReadAction","target":["https:\/\/adshero.com\/pl\/privacy-policy-pl\/"]}]},{"@type":"BreadcrumbList","@id":"https:\/\/adshero.com\/pl\/privacy-policy-pl\/#breadcrumb","itemListElement":[{"@type":"ListItem","position":1,"name":"Strona g\u0142\u00f3wna","item":"https:\/\/adshero.com\/pl\/"},{"@type":"ListItem","position":2,"name":"Privacy policy PL"}]},{"@type":"WebSite","@id":"https:\/\/adshero.com\/pl\/#website","url":"https:\/\/adshero.com\/pl\/","name":"adshero.com","description":"Adshero - retail media network","publisher":{"@id":"https:\/\/adshero.com\/pl\/#organization"},"potentialAction":[{"@type":"SearchAction","target":{"@type":"EntryPoint","urlTemplate":"https:\/\/adshero.com\/pl\/?s={search_term_string}"},"query-input":"required name=search_term_string"}],"inLanguage":"pl-PL"},{"@type":"Organization","@id":"https:\/\/adshero.com\/pl\/#organization","name":"adshero.com","url":"https:\/\/adshero.com\/pl\/","logo":{"@type":"ImageObject","inLanguage":"pl-PL","@id":"https:\/\/adshero.com\/pl\/#\/schema\/logo\/image\/","url":"https:\/\/adshero.com\/pl\/wp-content\/uploads\/2022\/10\/adshero_logo-1.png","contentUrl":"https:\/\/adshero.com\/pl\/wp-content\/uploads\/2022\/10\/adshero_logo-1.png","width":360,"height":90,"caption":"adshero.com"},"image":{"@id":"https:\/\/adshero.com\/pl\/#\/schema\/logo\/image\/"},"sameAs":["https:\/\/www.linkedin.com\/company\/adsheroio\/"]}]}},"_links":{"self":[{"href":"https:\/\/adshero.com\/pl\/wp-json\/wp\/v2\/pages\/2073","targetHints":{"allow":["GET"]}}],"collection":[{"href":"https:\/\/adshero.com\/pl\/wp-json\/wp\/v2\/pages"}],"about":[{"href":"https:\/\/adshero.com\/pl\/wp-json\/wp\/v2\/types\/page"}],"author":[{"embeddable":true,"href":"https:\/\/adshero.com\/pl\/wp-json\/wp\/v2\/users\/1"}],"replies":[{"embeddable":true,"href":"https:\/\/adshero.com\/pl\/wp-json\/wp\/v2\/comments?post=2073"}],"version-history":[{"count":1,"href":"https:\/\/adshero.com\/pl\/wp-json\/wp\/v2\/pages\/2073\/revisions"}],"predecessor-version":[{"id":2074,"href":"https:\/\/adshero.com\/pl\/wp-json\/wp\/v2\/pages\/2073\/revisions\/2074"}],"wp:attachment":[{"href":"https:\/\/adshero.com\/pl\/wp-json\/wp\/v2\/media?parent=2073"}],"curies":[{"name":"wp","href":"https:\/\/api.w.org\/{rel}","templated":true}]}}