{"id":3,"date":"2022-10-23T12:51:54","date_gmt":"2022-10-23T12:51:54","guid":{"rendered":"https:\/\/adshero.com\/pl\/?page_id=3"},"modified":"2024-03-27T09:55:12","modified_gmt":"2024-03-27T09:55:12","slug":"polityka-prywatnosci","status":"publish","type":"page","link":"https:\/\/adshero.com\/pl\/polityka-prywatnosci\/","title":{"rendered":"Polityka Prywatno\u015bci"},"content":{"rendered":"\n<h1 class=\"wp-block-heading\">I Postanowienia og\u00f3lne<\/h1>\n\n\n\n<ol class=\"wp-block-list\">\n<li>Niniejsza <em>Polityka ochrony prywatno\u015bci <\/em>okre\u015bla spos\u00f3b zbierania, przetwarzania i przechowywania danych osobowych koniecznych do \u015bwiadczenia us\u0142ug drog\u0105 elektroniczn\u0105 za po\u015brednictwem serwisu internetowego w domenie adshero.com (dalej: <strong>Serwis<\/strong>).<\/li>\n\n\n\n<li>Administratorem danych osobowych U\u017cytkownik\u00f3w jest IOD | Maciej Grams | Bruszewska 28, 03-046 Warszawa | <a href=\"mailto:hello@adshero.io\">hello@adshero.io<\/a> (dalej: Administrator).<\/li>\n\n\n\n<li>Dane osobowe przetwarzane s\u0105 zgodnie z Rozporz\u0105dzeniem Parlamentu Europejskiego i Rady (UE) 2016\/679 z dnia 27 kwietnia 2016 r<em>. w sprawie ochrony os\u00f3b fizycznych w zwi\u0105zku z przetwarzaniem danych osobowych i w sprawie swobodnego przep\u0142ywu takich danych oraz uchylenia dyrektywy 95\/46\/WE <\/em>(og\u00f3lne rozporz\u0105dzenie o ochronie danych) (dalej: <strong>RODO<\/strong>).<\/li>\n\n\n\n<li>Zbierane przez Administratora dane b\u0119d\u0105:<\/li>\n<\/ol>\n\n\n\n<ul class=\"wp-block-list\">\n<li>przetwarzane zgodnie z prawem,<\/li>\n\n\n\n<li>przetwarzane w wyra\u017anie okre\u015blonych celach i niepoddawane dalszemu przetwarzaniu niezgodnemu z tymi celami,<\/li>\n\n\n\n<li>merytorycznie poprawne i adekwatne w stosunku do cel\u00f3w, w jakich s\u0105 przetwarzane,<\/li>\n\n\n\n<li>przechowywane nie d\u0142u\u017cej ni\u017c jest to niezb\u0119dne do osi\u0105gni\u0119cia celu przetwarzania.<\/li>\n<\/ul>\n\n\n\n<h1 class=\"wp-block-heading\">II.&nbsp; Cel i podstawy prawne przetwarzania danych<\/h1>\n\n\n\n<ol class=\"wp-block-list\">\n<li>Administrator przetwarza dane osobowe niezb\u0119dne do \u015bwiadczenia i rozwoju oferowanych us\u0142ug dost\u0119pnych za po\u015brednictwem Serwisu oraz poszczeg\u00f3lnych jego funkcjonalno\u015bci.<\/li>\n\n\n\n<li>Dane osobowe przetwarzane b\u0119d\u0105 w nast\u0119puj\u0105cych celach:<\/li>\n<\/ol>\n\n\n\n<ol class=\"wp-block-list\" style=\"list-style-type:lower-alpha\">\n<li>rejestracji konta, weryfikacji to\u017csamo\u015bci U\u017cytkownika oraz realizacji umowy o \u015bwiadczeniu us\u0142ug drog\u0105 elektroniczn\u0105 zgodnie z ustaw\u0105 z dnia 18 lipca 2002 r. <em>o \u015bwiadczeniu us\u0142ug drog\u0105 elektroniczn\u0105, <\/em>w tym w szczeg\u00f3lno\u015bci poprzez zapewnienie mo\u017cliwo\u015bci korzystania z konta U\u017cytkownika \u2013 na podstawie akceptacji warunk\u00f3w Regulaminu (art. 6 ust. 1 lit. b RODO);<\/li>\n\n\n\n<li>komunikacji z U\u017cytkownikiem w celu dostarczeniu mu niezb\u0119dnych informacji oraz budowania pozytywnych i rzetelnych relacji z Nim, co stanowi prawnie uzasadniony interes Administratora (art. 6 ust. 1 lit. f RODO);<\/li>\n\n\n\n<li>promowania przez Administratora produkt\u00f3w i\/lub us\u0142ug w\u0142asnych oraz swoich Partner\u00f3w poprzez kierowanie drog\u0105 elektroniczn\u0105 Informacji marketingowych (newsletter) o ile U\u017cytkownik wyrazi\u0142 zgod\u0119 na otrzymywanie takich powiadomie\u0144 za po\u015brednictwem e-mail (art. 6 ust. 1 lit. a RODO);<\/li>\n\n\n\n<li>udzielenia dost\u0119pu do informacji o nowo\u015bciach z bran\u017cy bezpo\u015brednio powi\u0105zanej z dzia\u0142alno\u015bci\u0105 Administratora, o ile U\u017cytkownik wyrazi\u0142 zgod\u0119 na otrzymywanie takich powiadomie\u0144 za po\u015brednictwem e-mail (art. 6 ust. 1 lit. a RODO),<\/li>\n\n\n\n<li>w celach analitycznych i statystycznych na podstawie prawnie uzasadnionego interesu Administratora polegaj\u0105cego na prowadzeniu weryfikacji aktywno\u015bci U\u017cytkownik\u00f3w i ich preferencji dla optymalizacji us\u0142ug i produkt\u00f3w oraz stosowanych funkcjonalno\u015bci Serwisu (art. 6 ust. 1 lit. f RODO);<\/li>\n\n\n\n<li>ewentualnego ustalenia, dochodzenia roszcze\u0144 lub obrony przed nimi na podstawie prawnie uzasadnionego interesu Administratora polegaj\u0105cego na ochronie jej praw (art. 6 ust. 1 lit. f RODO).<\/li>\n<\/ol>\n","protected":false},"excerpt":{"rendered":"<p>I Postanowienia og\u00f3lne II.&nbsp; Cel i podstawy prawne przetwarzania danych<\/p>\n","protected":false},"author":1,"featured_media":0,"parent":0,"menu_order":0,"comment_status":"closed","ping_status":"open","template":"","meta":{"footnotes":""},"class_list":["post-3","page","type-page","status-publish","hentry"],"yoast_head":"<!-- This site is optimized with the Yoast SEO plugin v21.9 - https:\/\/yoast.com\/wordpress\/plugins\/seo\/ -->\n<title>Polityka Prywatno\u015bci - adshero.com<\/title>\n<meta name=\"robots\" content=\"index, follow, max-snippet:-1, max-image-preview:large, max-video-preview:-1\" \/>\n<link rel=\"canonical\" href=\"https:\/\/adshero.com\/pl\/polityka-prywatnosci\/\" \/>\n<meta property=\"og:locale\" content=\"pl_PL\" \/>\n<meta property=\"og:type\" content=\"article\" \/>\n<meta property=\"og:title\" content=\"Polityka Prywatno\u015bci - adshero.com\" \/>\n<meta property=\"og:description\" content=\"I Postanowienia og\u00f3lne II.&nbsp; Cel i podstawy prawne przetwarzania danych\" \/>\n<meta property=\"og:url\" content=\"https:\/\/adshero.com\/pl\/polityka-prywatnosci\/\" \/>\n<meta property=\"og:site_name\" content=\"adshero.com\" \/>\n<meta property=\"article:modified_time\" content=\"2024-03-27T09:55:12+00:00\" \/>\n<meta name=\"twitter:card\" content=\"summary_large_image\" \/>\n<meta name=\"twitter:label1\" content=\"Szacowany czas czytania\" \/>\n\t<meta name=\"twitter:data1\" content=\"3 minuty\" \/>\n<script type=\"application\/ld+json\" class=\"yoast-schema-graph\">{\"@context\":\"https:\/\/schema.org\",\"@graph\":[{\"@type\":\"WebPage\",\"@id\":\"https:\/\/adshero.com\/pl\/polityka-prywatnosci\/\",\"url\":\"https:\/\/adshero.com\/pl\/polityka-prywatnosci\/\",\"name\":\"Polityka Prywatno\u015bci - adshero.com\",\"isPartOf\":{\"@id\":\"https:\/\/adshero.com\/pl\/#website\"},\"datePublished\":\"2022-10-23T12:51:54+00:00\",\"dateModified\":\"2024-03-27T09:55:12+00:00\",\"breadcrumb\":{\"@id\":\"https:\/\/adshero.com\/pl\/polityka-prywatnosci\/#breadcrumb\"},\"inLanguage\":\"pl-PL\",\"potentialAction\":[{\"@type\":\"ReadAction\",\"target\":[\"https:\/\/adshero.com\/pl\/polityka-prywatnosci\/\"]}]},{\"@type\":\"BreadcrumbList\",\"@id\":\"https:\/\/adshero.com\/pl\/polityka-prywatnosci\/#breadcrumb\",\"itemListElement\":[{\"@type\":\"ListItem\",\"position\":1,\"name\":\"Strona g\u0142\u00f3wna\",\"item\":\"https:\/\/adshero.com\/pl\/\"},{\"@type\":\"ListItem\",\"position\":2,\"name\":\"Polityka Prywatno\u015bci\"}]},{\"@type\":\"WebSite\",\"@id\":\"https:\/\/adshero.com\/pl\/#website\",\"url\":\"https:\/\/adshero.com\/pl\/\",\"name\":\"adshero.com\",\"description\":\"Adshero - retail media network\",\"publisher\":{\"@id\":\"https:\/\/adshero.com\/pl\/#organization\"},\"potentialAction\":[{\"@type\":\"SearchAction\",\"target\":{\"@type\":\"EntryPoint\",\"urlTemplate\":\"https:\/\/adshero.com\/pl\/?s={search_term_string}\"},\"query-input\":\"required name=search_term_string\"}],\"inLanguage\":\"pl-PL\"},{\"@type\":\"Organization\",\"@id\":\"https:\/\/adshero.com\/pl\/#organization\",\"name\":\"adshero.com\",\"url\":\"https:\/\/adshero.com\/pl\/\",\"logo\":{\"@type\":\"ImageObject\",\"inLanguage\":\"pl-PL\",\"@id\":\"https:\/\/adshero.com\/pl\/#\/schema\/logo\/image\/\",\"url\":\"https:\/\/adshero.com\/pl\/wp-content\/uploads\/2022\/10\/adshero_logo-1.png\",\"contentUrl\":\"https:\/\/adshero.com\/pl\/wp-content\/uploads\/2022\/10\/adshero_logo-1.png\",\"width\":360,\"height\":90,\"caption\":\"adshero.com\"},\"image\":{\"@id\":\"https:\/\/adshero.com\/pl\/#\/schema\/logo\/image\/\"},\"sameAs\":[\"https:\/\/www.linkedin.com\/company\/adsheroio\/\"]}]}<\/script>\n<!-- \/ Yoast SEO plugin. -->","yoast_head_json":{"title":"Polityka Prywatno\u015bci - adshero.com","robots":{"index":"index","follow":"follow","max-snippet":"max-snippet:-1","max-image-preview":"max-image-preview:large","max-video-preview":"max-video-preview:-1"},"canonical":"https:\/\/adshero.com\/pl\/polityka-prywatnosci\/","og_locale":"pl_PL","og_type":"article","og_title":"Polityka Prywatno\u015bci - adshero.com","og_description":"I Postanowienia og\u00f3lne II.&nbsp; Cel i podstawy prawne przetwarzania danych","og_url":"https:\/\/adshero.com\/pl\/polityka-prywatnosci\/","og_site_name":"adshero.com","article_modified_time":"2024-03-27T09:55:12+00:00","twitter_card":"summary_large_image","twitter_misc":{"Szacowany czas czytania":"3 minuty"},"schema":{"@context":"https:\/\/schema.org","@graph":[{"@type":"WebPage","@id":"https:\/\/adshero.com\/pl\/polityka-prywatnosci\/","url":"https:\/\/adshero.com\/pl\/polityka-prywatnosci\/","name":"Polityka Prywatno\u015bci - adshero.com","isPartOf":{"@id":"https:\/\/adshero.com\/pl\/#website"},"datePublished":"2022-10-23T12:51:54+00:00","dateModified":"2024-03-27T09:55:12+00:00","breadcrumb":{"@id":"https:\/\/adshero.com\/pl\/polityka-prywatnosci\/#breadcrumb"},"inLanguage":"pl-PL","potentialAction":[{"@type":"ReadAction","target":["https:\/\/adshero.com\/pl\/polityka-prywatnosci\/"]}]},{"@type":"BreadcrumbList","@id":"https:\/\/adshero.com\/pl\/polityka-prywatnosci\/#breadcrumb","itemListElement":[{"@type":"ListItem","position":1,"name":"Strona g\u0142\u00f3wna","item":"https:\/\/adshero.com\/pl\/"},{"@type":"ListItem","position":2,"name":"Polityka Prywatno\u015bci"}]},{"@type":"WebSite","@id":"https:\/\/adshero.com\/pl\/#website","url":"https:\/\/adshero.com\/pl\/","name":"adshero.com","description":"Adshero - retail media network","publisher":{"@id":"https:\/\/adshero.com\/pl\/#organization"},"potentialAction":[{"@type":"SearchAction","target":{"@type":"EntryPoint","urlTemplate":"https:\/\/adshero.com\/pl\/?s={search_term_string}"},"query-input":"required name=search_term_string"}],"inLanguage":"pl-PL"},{"@type":"Organization","@id":"https:\/\/adshero.com\/pl\/#organization","name":"adshero.com","url":"https:\/\/adshero.com\/pl\/","logo":{"@type":"ImageObject","inLanguage":"pl-PL","@id":"https:\/\/adshero.com\/pl\/#\/schema\/logo\/image\/","url":"https:\/\/adshero.com\/pl\/wp-content\/uploads\/2022\/10\/adshero_logo-1.png","contentUrl":"https:\/\/adshero.com\/pl\/wp-content\/uploads\/2022\/10\/adshero_logo-1.png","width":360,"height":90,"caption":"adshero.com"},"image":{"@id":"https:\/\/adshero.com\/pl\/#\/schema\/logo\/image\/"},"sameAs":["https:\/\/www.linkedin.com\/company\/adsheroio\/"]}]}},"_links":{"self":[{"href":"https:\/\/adshero.com\/pl\/wp-json\/wp\/v2\/pages\/3","targetHints":{"allow":["GET"]}}],"collection":[{"href":"https:\/\/adshero.com\/pl\/wp-json\/wp\/v2\/pages"}],"about":[{"href":"https:\/\/adshero.com\/pl\/wp-json\/wp\/v2\/types\/page"}],"author":[{"embeddable":true,"href":"https:\/\/adshero.com\/pl\/wp-json\/wp\/v2\/users\/1"}],"replies":[{"embeddable":true,"href":"https:\/\/adshero.com\/pl\/wp-json\/wp\/v2\/comments?post=3"}],"version-history":[{"count":5,"href":"https:\/\/adshero.com\/pl\/wp-json\/wp\/v2\/pages\/3\/revisions"}],"predecessor-version":[{"id":1925,"href":"https:\/\/adshero.com\/pl\/wp-json\/wp\/v2\/pages\/3\/revisions\/1925"}],"wp:attachment":[{"href":"https:\/\/adshero.com\/pl\/wp-json\/wp\/v2\/media?parent=3"}],"curies":[{"name":"wp","href":"https:\/\/api.w.org\/{rel}","templated":true}]}}